{"id":96,"date":"2017-03-22T14:47:17","date_gmt":"2017-03-22T13:47:17","guid":{"rendered":"http:\/\/data.gjengedal.me\/wordpress\/?page_id=96"},"modified":"2017-03-29T13:16:13","modified_gmt":"2017-03-29T11:16:13","slug":"utvikling-av-programvareapper","status":"publish","type":"page","link":"https:\/\/gjengedal-data.no\/index.php\/forside\/utvikling-av-programvareapper\/","title":{"rendered":"Utvikling av Programvare\/Apper"},"content":{"rendered":"<p>Gjengedal Dataservice kan utvikle Programmer eller apps for Windows og Android.<\/p>\n<p>Eg arbeider mest med C# p\u00e5 Windows og Xamarin p\u00e5 android, men kan og om n\u00f8dvendig jobbe med java, php eller andre spr\u00e5k etter behov.<\/p>\n<p>Kontakt meg p\u00e5 epost <a href=\"mailto:kristian@gjengedal-data.no\">kristian@gjengedal-data.no<\/a><\/p>\n","protected":false},"excerpt":{"rendered":"<p>Gjengedal Dataservice kan utvikle Programmer eller apps for Windows og Android. Eg arbeider mest med C# p\u00e5 Windows og Xamarin p\u00e5 android, men kan og om n\u00f8dvendig jobbe med java, php eller andre spr\u00e5k etter behov. Kontakt meg p\u00e5 epost kristian@gjengedal-data.no<\/p>\n","protected":false},"author":1,"featured_media":0,"parent":11,"menu_order":0,"comment_status":"closed","ping_status":"closed","template":"","meta":{"footnotes":""},"class_list":["post-96","page","type-page","status-publish"],"_links":{"self":[{"href":"https:\/\/gjengedal-data.no\/index.php\/wp-json\/wp\/v2\/pages\/96","targetHints":{"allow":["GET"]}}],"collection":[{"href":"https:\/\/gjengedal-data.no\/index.php\/wp-json\/wp\/v2\/pages"}],"about":[{"href":"https:\/\/gjengedal-data.no\/index.php\/wp-json\/wp\/v2\/types\/page"}],"author":[{"embeddable":true,"href":"https:\/\/gjengedal-data.no\/index.php\/wp-json\/wp\/v2\/users\/1"}],"replies":[{"embeddable":true,"href":"https:\/\/gjengedal-data.no\/index.php\/wp-json\/wp\/v2\/comments?post=96"}],"version-history":[{"count":4,"href":"https:\/\/gjengedal-data.no\/index.php\/wp-json\/wp\/v2\/pages\/96\/revisions"}],"predecessor-version":[{"id":148,"href":"https:\/\/gjengedal-data.no\/index.php\/wp-json\/wp\/v2\/pages\/96\/revisions\/148"}],"up":[{"embeddable":true,"href":"https:\/\/gjengedal-data.no\/index.php\/wp-json\/wp\/v2\/pages\/11"}],"wp:attachment":[{"href":"https:\/\/gjengedal-data.no\/index.php\/wp-json\/wp\/v2\/media?parent=96"}],"curies":[{"name":"wp","href":"https:\/\/api.w.org\/{rel}","templated":true}]}}