{"id":5,"date":"2017-03-20T09:36:33","date_gmt":"2017-03-20T08:36:33","guid":{"rendered":"http:\/\/192.168.9.128\/wordpress\/?page_id=5"},"modified":"2026-01-01T21:57:21","modified_gmt":"2026-01-01T20:57:21","slug":"om-gjengedal-data","status":"publish","type":"page","link":"https:\/\/gjengedal-data.no\/index.php\/om-gjengedal-data\/","title":{"rendered":"Om Gjengedal Dataservice"},"content":{"rendered":"<p><strong>Om Gjengedal Dataservice:<\/strong><\/p>\n<p>Gjengedal Dataservice vart oppretta i 2017. Eg har gode og omfangsrike datakunnskaper og leverer tjenester b\u00e5de til privatmarkedet og bedriftsmarkedet.<\/p>\n<p>Eigar:\u00a0Kristian Gjengedal<\/p>\n<p>Email: <a href=\"mailto:kristian@gjengedal-data.no\">kristian@gjengedal-data.no<\/a><\/p>\n<p>Telefon: 48429401<\/p>\n<p>Organisasjonsnr:\u00a0918810633 MVA<\/p>\n<p>Gjengedal Dataservice arbeider fra Sandane.<\/p>\n<p>Facebook side: <a href=\"https:\/\/www.facebook.com\/GjengedalDataservice\/\">https:\/\/www.facebook.com\/GjengedalDataservice<\/a><\/p>\n<p>Arbeidstid: Eg er tilgjenglig 08:00-15:45 p\u00e5 Sandane, kan etter avtale jobbe utover denne tida. er som regel utilgjengelig i helgane. og er ikkje p\u00e5 kontoret p\u00e5 sandane p\u00e5 torsdager.<\/p>\n<p>Eg har kontorplass i Heradshuset i 3. etg p\u00e5 ikt-avdelinga,<\/p>\n<p>&nbsp;<\/p>\n<p><strong>Om Eigaren:<\/strong><\/p>\n<p><img loading=\"lazy\" decoding=\"async\" class=\"alignnone wp-image-521 size-medium\" src=\"https:\/\/gjengedal-data.no\/wp-content\/uploads\/2026\/01\/20260101_214610-e1767300958203-200x300.jpg\" alt=\"\" width=\"200\" height=\"300\" srcset=\"https:\/\/gjengedal-data.no\/wp-content\/uploads\/2026\/01\/20260101_214610-e1767300958203-200x300.jpg 200w, https:\/\/gjengedal-data.no\/wp-content\/uploads\/2026\/01\/20260101_214610-e1767300958203.jpg 328w\" sizes=\"auto, (max-width: 200px) 100vw, 200px\" \/><\/p>\n<p>Mitt navn er Kristian Gjengedal.<\/p>\n<p>Eg er fr\u00e5 Gjengedal i Hyen i Gloppen kommune.<\/p>\n<p>Eg har alltid vore interesert i data og nye teknologiar sidan eg var liten, det har f\u00f8rt til at det er eg som har blitt it-support heime.<\/p>\n<p>Eg har hatt utdanning i IKT-Servicefag p\u00e5 vidareg\u00e5ande og eg gjekk noken \u00e5r p\u00e5 IT og Logistikk p\u00e5 H\u00f8gskulen. Eg jobber delvis som IT-medarbeider i Gloppen kommune.<\/p>\n<p>I tillegg s\u00e5 har eg utforska mykje sj\u00f8lv og mykje er sj\u00f8lvl\u00e6rt. eg har arbeidt med linux sidan 2006, eg begynte \u00e5 programmere i flash med AS3 p\u00e5 vidareg\u00e5ande. og vidare med vb.net p\u00e5 h\u00f8gskulen. og n\u00e5 seinare har eg l\u00e6rt meg C# som n\u00e5 er programmeringsspr\u00e5ket eg brukar mest. eg har og grunnleggande kunnskapar i php, java, javascript, css, html og c++.<\/p>\n<p>og n\u00e5 har eg laga min egen bedrift for \u00e5 tilby reparasjon og service av data, nettverk, mobilar og meir.<\/p>\n<p>&#8230;<\/p>\n","protected":false},"excerpt":{"rendered":"<p>Om Gjengedal Dataservice: Gjengedal Dataservice vart oppretta i 2017. Eg har gode og omfangsrike datakunnskaper og leverer tjenester b\u00e5de til privatmarkedet og bedriftsmarkedet. Eigar:\u00a0Kristian Gjengedal Email: kristian@gjengedal-data.no Telefon: 48429401 Organisasjonsnr:\u00a0918810633 MVA Gjengedal Dataservice arbeider fra Sandane. Facebook side: https:\/\/www.facebook.com\/GjengedalDataservice Arbeidstid: Eg er tilgjenglig 08:00-15:45 p\u00e5 Sandane, kan etter avtale jobbe utover denne tida. er som &#8230; <a title=\"Om Gjengedal Dataservice\" class=\"read-more\" href=\"https:\/\/gjengedal-data.no\/index.php\/om-gjengedal-data\/\">Les mer<\/a><\/p>\n","protected":false},"author":1,"featured_media":0,"parent":0,"menu_order":9,"comment_status":"closed","ping_status":"closed","template":"","meta":{"footnotes":""},"class_list":["post-5","page","type-page","status-publish"],"_links":{"self":[{"href":"https:\/\/gjengedal-data.no\/index.php\/wp-json\/wp\/v2\/pages\/5","targetHints":{"allow":["GET"]}}],"collection":[{"href":"https:\/\/gjengedal-data.no\/index.php\/wp-json\/wp\/v2\/pages"}],"about":[{"href":"https:\/\/gjengedal-data.no\/index.php\/wp-json\/wp\/v2\/types\/page"}],"author":[{"embeddable":true,"href":"https:\/\/gjengedal-data.no\/index.php\/wp-json\/wp\/v2\/users\/1"}],"replies":[{"embeddable":true,"href":"https:\/\/gjengedal-data.no\/index.php\/wp-json\/wp\/v2\/comments?post=5"}],"version-history":[{"count":23,"href":"https:\/\/gjengedal-data.no\/index.php\/wp-json\/wp\/v2\/pages\/5\/revisions"}],"predecessor-version":[{"id":522,"href":"https:\/\/gjengedal-data.no\/index.php\/wp-json\/wp\/v2\/pages\/5\/revisions\/522"}],"wp:attachment":[{"href":"https:\/\/gjengedal-data.no\/index.php\/wp-json\/wp\/v2\/media?parent=5"}],"curies":[{"name":"wp","href":"https:\/\/api.w.org\/{rel}","templated":true}]}}