{"id":162,"date":"2017-03-31T13:01:07","date_gmt":"2017-03-31T11:01:07","guid":{"rendered":"http:\/\/data.gjengedal.me\/wordpress\/?page_id=162"},"modified":"2023-04-13T11:40:51","modified_gmt":"2023-04-13T09:40:51","slug":"prisliste","status":"publish","type":"page","link":"https:\/\/gjengedal-data.no\/index.php\/prisliste\/","title":{"rendered":"Prisliste"},"content":{"rendered":"<p><!--[php slug=prislisteTable]\n\nPrisane er veiledande, endelig pris kan variere etter oppdrag og bruk av tid.\n\n-->Min veiledande pris er ca 500kr i timen.<\/p>\n<p>P\u00e5 eit oppdrag som reparasjon av pc eller mobil rekna eg det som 1 time plus pris p\u00e5 eventuelle delar.<\/p>\n<p>Viss det er noko enkelt som eg tar p\u00e5 under 10 min p\u00e5 kontoret mitt blir det ca 100kr.<\/p>\n","protected":false},"excerpt":{"rendered":"<p>Min veiledande pris er ca 500kr i timen. P\u00e5 eit oppdrag som reparasjon av pc eller mobil rekna eg det som 1 time plus pris p\u00e5 eventuelle delar. Viss det er noko enkelt som eg tar p\u00e5 under 10 min p\u00e5 kontoret mitt blir det ca 100kr.<\/p>\n","protected":false},"author":1,"featured_media":0,"parent":0,"menu_order":0,"comment_status":"closed","ping_status":"closed","template":"","meta":{"footnotes":""},"class_list":["post-162","page","type-page","status-publish"],"_links":{"self":[{"href":"https:\/\/gjengedal-data.no\/index.php\/wp-json\/wp\/v2\/pages\/162","targetHints":{"allow":["GET"]}}],"collection":[{"href":"https:\/\/gjengedal-data.no\/index.php\/wp-json\/wp\/v2\/pages"}],"about":[{"href":"https:\/\/gjengedal-data.no\/index.php\/wp-json\/wp\/v2\/types\/page"}],"author":[{"embeddable":true,"href":"https:\/\/gjengedal-data.no\/index.php\/wp-json\/wp\/v2\/users\/1"}],"replies":[{"embeddable":true,"href":"https:\/\/gjengedal-data.no\/index.php\/wp-json\/wp\/v2\/comments?post=162"}],"version-history":[{"count":11,"href":"https:\/\/gjengedal-data.no\/index.php\/wp-json\/wp\/v2\/pages\/162\/revisions"}],"predecessor-version":[{"id":502,"href":"https:\/\/gjengedal-data.no\/index.php\/wp-json\/wp\/v2\/pages\/162\/revisions\/502"}],"wp:attachment":[{"href":"https:\/\/gjengedal-data.no\/index.php\/wp-json\/wp\/v2\/media?parent=162"}],"curies":[{"name":"wp","href":"https:\/\/api.w.org\/{rel}","templated":true}]}}