{"id":150,"date":"2017-03-29T13:39:54","date_gmt":"2017-03-29T11:39:54","guid":{"rendered":"http:\/\/data.gjengedal.me\/wordpress\/?page_id=150"},"modified":"2022-01-27T11:42:38","modified_gmt":"2022-01-27T10:42:38","slug":"bestill-reparasjontjeneste","status":"publish","type":"page","link":"https:\/\/gjengedal-data.no\/index.php\/bestill-reparasjontjeneste\/","title":{"rendered":"Bestill Reparasjon\/Tjeneste"},"content":{"rendered":"<p>Her kan Du fylle ut eit skjema for \u00e5 bestille ein tjeneste\/reparasjon:<br \/>\nPrisen er ikkje endelig, og kan avtalast n\u00e6rmare n\u00e5r eg har sett p\u00e5 jobben.<\/p>\n<p>Etter bestilling vil eg kontakte deg p\u00e5 epost for innlevering av datamaskin, skriv i beskrivelsen om du \u00f8nskjer ein anna kontakt metode.<\/p>\n<p>[php slug=BestillingSkjemaPhp]<\/p>\n","protected":false},"excerpt":{"rendered":"<p>Her kan Du fylle ut eit skjema for \u00e5 bestille ein tjeneste\/reparasjon: Prisen er ikkje endelig, og kan avtalast n\u00e6rmare n\u00e5r eg har sett p\u00e5 jobben. Etter bestilling vil eg kontakte deg p\u00e5 epost for innlevering av datamaskin, skriv i beskrivelsen om du \u00f8nskjer ein anna kontakt metode. [php slug=BestillingSkjemaPhp]<\/p>\n","protected":false},"author":1,"featured_media":0,"parent":0,"menu_order":0,"comment_status":"closed","ping_status":"closed","template":"","meta":{"footnotes":""},"class_list":["post-150","page","type-page","status-publish"],"_links":{"self":[{"href":"https:\/\/gjengedal-data.no\/index.php\/wp-json\/wp\/v2\/pages\/150","targetHints":{"allow":["GET"]}}],"collection":[{"href":"https:\/\/gjengedal-data.no\/index.php\/wp-json\/wp\/v2\/pages"}],"about":[{"href":"https:\/\/gjengedal-data.no\/index.php\/wp-json\/wp\/v2\/types\/page"}],"author":[{"embeddable":true,"href":"https:\/\/gjengedal-data.no\/index.php\/wp-json\/wp\/v2\/users\/1"}],"replies":[{"embeddable":true,"href":"https:\/\/gjengedal-data.no\/index.php\/wp-json\/wp\/v2\/comments?post=150"}],"version-history":[{"count":42,"href":"https:\/\/gjengedal-data.no\/index.php\/wp-json\/wp\/v2\/pages\/150\/revisions"}],"predecessor-version":[{"id":343,"href":"https:\/\/gjengedal-data.no\/index.php\/wp-json\/wp\/v2\/pages\/150\/revisions\/343"}],"wp:attachment":[{"href":"https:\/\/gjengedal-data.no\/index.php\/wp-json\/wp\/v2\/media?parent=150"}],"curies":[{"name":"wp","href":"https:\/\/api.w.org\/{rel}","templated":true}]}}