{"id":11,"date":"2017-03-22T10:49:42","date_gmt":"2017-03-22T09:49:42","guid":{"rendered":"http:\/\/data.gjengedal.me\/wordpress\/?page_id=11"},"modified":"2025-01-23T18:13:26","modified_gmt":"2025-01-23T17:13:26","slug":"forside","status":"publish","type":"page","link":"https:\/\/gjengedal-data.no\/","title":{"rendered":"Forside"},"content":{"rendered":"<p>Gjengedal Dataservice er ein bedrift i Sandane, eg har gode og omfangsrike datakunnskaper og leverer tjenester b\u00e5de til privatmarkedet og bedriftsmarkedet.<br \/>\nEg jobber fra Sandane og tilbyr service innen data. Du kan bestille oppdrag ved \u00e5 bruke bestillingsskjema.<\/p>\n<p>N\u00e5r du bestiller reparasjon\/tjeneste fra meg, vil eg unders\u00f8ke problemet og gje beskjed kva meir eg m\u00e5 gjere. si fra om du vil ha eit prisforslag f\u00f8rst, eg vil gi beskjed om eventuelle ekstra utgifter som m\u00e5 til f\u00f8r eg gjer noko.<br \/>\nDu kan avbestille ved \u00e5 sende ein email uten noen kostnader f\u00f8r du har sendt inn dataen, etter at dataen er sendt inn og om du ikkje er enig i forslaget kan du avbryte og kun betale for diagnose og eventuell henting av datamaskina.<\/p>\n<p>Dataen kan innleverast p\u00e5 eit avtalt sted p\u00e5 Sandane ellers tilbyr eg \u00e5 hente og levere datamaskina for reparasjon\/service for ein pris, s\u00e5 lenge ein biltur blir under 1 time fra Sandane.<\/p>\n<p>Eg har eit kontor i 3.etg i ikt avdelinga p\u00e5 Kommunehuset.<\/p>\n<p>For sp\u00f8rsm\u00e5l kan du kontakte meg p\u00e5 epost hos <a href=\"mailto:post@gjengedal-data.no\">post@gjengedal-data.no<\/a><\/p>\n<p><strong>Mine tjenester:<\/strong><\/p>\n<table style=\"width: 70%; border: none; margin: 0 auto;\">\n<tbody>\n<tr>\n<td style=\"border: none;\">\n<p style=\"text-align: center;\"><img loading=\"lazy\" decoding=\"async\" class=\"alignnone wp-image-56 size-medium\" src=\"https:\/\/gjengedal-data.no\/wp-content\/uploads\/2017\/03\/data_1-300x182.png\" alt=\"\" width=\"300\" height=\"182\" srcset=\"https:\/\/gjengedal-data.no\/wp-content\/uploads\/2017\/03\/data_1-300x182.png 300w, https:\/\/gjengedal-data.no\/wp-content\/uploads\/2017\/03\/data_1.png 512w\" sizes=\"auto, (max-width: 300px) 100vw, 300px\" \/><br \/>\nDataservice<\/p>\n<\/td>\n<td style=\"border: none;\">\n<p style=\"text-align: center;\"><img loading=\"lazy\" decoding=\"async\" class=\"alignnone wp-image-57 size-medium\" src=\"https:\/\/gjengedal-data.no\/wp-content\/uploads\/2017\/03\/dev_1-300x182.png\" alt=\"\" width=\"300\" height=\"182\" srcset=\"https:\/\/gjengedal-data.no\/wp-content\/uploads\/2017\/03\/dev_1-300x182.png 300w, https:\/\/gjengedal-data.no\/wp-content\/uploads\/2017\/03\/dev_1.png 512w\" sizes=\"auto, (max-width: 300px) 100vw, 300px\" \/><br \/>\nUtvikling av Programvare\/App<\/p>\n<\/td>\n<td style=\"border: none;\">\n<p style=\"text-align: center;\"><img loading=\"lazy\" decoding=\"async\" class=\"alignnone wp-image-58 size-medium\" src=\"https:\/\/gjengedal-data.no\/wp-content\/uploads\/2017\/03\/server_1-300x182.png\" alt=\"\" width=\"300\" height=\"182\" srcset=\"https:\/\/gjengedal-data.no\/wp-content\/uploads\/2017\/03\/server_1-300x182.png 300w, https:\/\/gjengedal-data.no\/wp-content\/uploads\/2017\/03\/server_1.png 512w\" sizes=\"auto, (max-width: 300px) 100vw, 300px\" \/><br \/>\nWeb\/Server Tjenester<\/p>\n<\/td>\n<\/tr>\n<\/tbody>\n<\/table>\n","protected":false},"excerpt":{"rendered":"<p>Gjengedal Dataservice er ein bedrift i Sandane, eg har gode og omfangsrike datakunnskaper og leverer tjenester b\u00e5de til privatmarkedet og bedriftsmarkedet. Eg jobber fra Sandane og tilbyr service innen data. Du kan bestille oppdrag ved \u00e5 bruke bestillingsskjema. N\u00e5r du bestiller reparasjon\/tjeneste fra meg, vil eg unders\u00f8ke problemet og gje beskjed kva meir eg m\u00e5 &#8230; <a title=\"Forside\" class=\"read-more\" href=\"https:\/\/gjengedal-data.no\/\">Les mer<\/a><\/p>\n","protected":false},"author":1,"featured_media":0,"parent":0,"menu_order":0,"comment_status":"closed","ping_status":"closed","template":"","meta":{"footnotes":""},"class_list":["post-11","page","type-page","status-publish"],"_links":{"self":[{"href":"https:\/\/gjengedal-data.no\/index.php\/wp-json\/wp\/v2\/pages\/11","targetHints":{"allow":["GET"]}}],"collection":[{"href":"https:\/\/gjengedal-data.no\/index.php\/wp-json\/wp\/v2\/pages"}],"about":[{"href":"https:\/\/gjengedal-data.no\/index.php\/wp-json\/wp\/v2\/types\/page"}],"author":[{"embeddable":true,"href":"https:\/\/gjengedal-data.no\/index.php\/wp-json\/wp\/v2\/users\/1"}],"replies":[{"embeddable":true,"href":"https:\/\/gjengedal-data.no\/index.php\/wp-json\/wp\/v2\/comments?post=11"}],"version-history":[{"count":64,"href":"https:\/\/gjengedal-data.no\/index.php\/wp-json\/wp\/v2\/pages\/11\/revisions"}],"predecessor-version":[{"id":516,"href":"https:\/\/gjengedal-data.no\/index.php\/wp-json\/wp\/v2\/pages\/11\/revisions\/516"}],"wp:attachment":[{"href":"https:\/\/gjengedal-data.no\/index.php\/wp-json\/wp\/v2\/media?parent=11"}],"curies":[{"name":"wp","href":"https:\/\/api.w.org\/{rel}","templated":true}]}}